{"id":23205,"date":"2025-05-22T18:48:53","date_gmt":"2025-05-22T16:48:53","guid":{"rendered":"https:\/\/miaft.com\/clienti\/"},"modified":"2025-09-15T14:55:59","modified_gmt":"2025-09-15T12:55:59","slug":"clienti","status":"publish","type":"page","link":"https:\/\/miaft.com\/fr\/clienti\/","title":{"rendered":"Clients"},"content":{"rendered":"<div class=\"oi-block oi-block-hero\" ><div class=\"color-background\" style=\"background-color: transparent\"><\/div>\n<div class=\"container pt-4 pt-md-5 theme-dark\">\n            <h3 class=\"text-uppercase h5 mb-2\">\n            Mia food tech        <\/h3>\n                <h1 class=\"px-0 col-12 col-md-10 col-xl-8 h2\">\n            Nos Clients        <\/h1>\n                <h2 class=\"h4 mb-4 font-weight-regular\">\n            Depuis presque 30 ans, Mia Food Tech produit pour ses clients des machines pour la transformation des fruits secs et des confiseries, avec innovation et recherche continue, alli\u00e9es \u00e0 l'exp\u00e9rience et \u00e0 la connaissance du secteur.        <\/h2>\n            <\/div><\/div>\n\n    <div class=\"oi-block oi-block-layout-space\" style=\"--oi-block-space-xs:50px; --oi-block-space-sm:60px; --oi-block-space-md:70px; --oi-block-space-lg:80px; --oi-block-space-xl:90px; --oi-block-space-xxl:90px\"><\/div>\n\n\n\n<div class=\"wp-block-group has-light-background-color has-background is-layout-flow wp-block-group-is-layout-flow\"><div class=\"oi-block oi-block-layout-container container\" style=\"\"  >\n    <div class=\"oi-block oi-block-layout-space\" style=\"--oi-block-space-xs:70px; --oi-block-space-sm:80px; --oi-block-space-md:90px; --oi-block-space-lg:100px; --oi-block-space-xl:110px; --oi-block-space-xxl:120px\"><\/div>\n\n\n<div class=\"oi-block oi-block-client-block\" >\n<div class=\"client-block\">\n    \n<div class=\"oi-block oi-block-client-block--single-image\" >\n<a href=\"https:\/\/disaronnoingredients.it\/fr\/\" class=\"single-image\" title=\"disaronno-logo.svg\">\n            <div class=\"image-container\">\n            <img decoding=\"async\" src=\"https:\/\/miaft.com\/wp-content\/uploads\/2025\/05\/disaronno-logo.svg\" class=\"img-fluid\" alt=\"disaronno logo\" loading=\"lazy\" \/>        <\/div>\n    <\/a><\/div>\n\n<div class=\"oi-block oi-block-client-block--single-image\" >\n<a href=\"https:\/\/www.balocco.it\/en\" class=\"single-image\" title=\"\">\n            <div class=\"image-container\">\n            <img decoding=\"async\" width=\"500\" height=\"166\" src=\"https:\/\/miaft.com\/wp-content\/uploads\/2025\/05\/balocco-logo.png\" class=\"img-fluid\" alt=\"balocco logo\" loading=\"lazy\" srcset=\"https:\/\/miaft.com\/wp-content\/uploads\/2025\/05\/balocco-logo.png 500w, https:\/\/miaft.com\/wp-content\/uploads\/2025\/05\/balocco-logo-150x50.png 150w\" sizes=\"(max-width: 500px) 100vw, 500px\" \/>        <\/div>\n    <\/a><\/div>\n\n<div class=\"oi-block oi-block-client-block--single-image\" >\n<a href=\"https:\/\/eu.venchi.com\/fr\" class=\"single-image\" title=\"\">\n            <div class=\"image-container\">\n            <img decoding=\"async\" width=\"508\" height=\"236\" src=\"https:\/\/miaft.com\/wp-content\/uploads\/2025\/05\/venchi1878-logo.png\" class=\"img-fluid\" alt=\"venchi1878 logo\" loading=\"lazy\" srcset=\"https:\/\/miaft.com\/wp-content\/uploads\/2025\/05\/venchi1878-logo.png 508w, https:\/\/miaft.com\/wp-content\/uploads\/2025\/05\/venchi1878-logo-150x70.png 150w\" sizes=\"(max-width: 508px) 100vw, 508px\" \/>        <\/div>\n    <\/a><\/div>\n\n<div class=\"oi-block oi-block-client-block--single-image\" >\n<a href=\"https:\/\/colussi.net\/\" class=\"single-image\" title=\"\">\n            <div class=\"image-container\">\n            <img decoding=\"async\" width=\"750\" height=\"396\" src=\"https:\/\/miaft.com\/wp-content\/uploads\/2025\/05\/colussi-logo.png\" class=\"img-fluid\" alt=\"colussi logo\" loading=\"lazy\" srcset=\"https:\/\/miaft.com\/wp-content\/uploads\/2025\/05\/colussi-logo.png 750w, https:\/\/miaft.com\/wp-content\/uploads\/2025\/05\/colussi-logo-150x79.png 150w, https:\/\/miaft.com\/wp-content\/uploads\/2025\/05\/colussi-logo-575x304.png 575w\" sizes=\"(max-width: 750px) 100vw, 750px\" \/>        <\/div>\n    <\/a><\/div>\n\n<div class=\"oi-block oi-block-client-block--single-image\" >\n<a href=\"https:\/\/noberasco.it\/en\/homepage-english\/\" class=\"single-image\" title=\"\">\n            <div class=\"image-container\">\n            <img decoding=\"async\" src=\"https:\/\/miaft.com\/wp-content\/uploads\/2025\/05\/noberasco-logo.svg\" class=\"img-fluid\" alt=\"noberasco logo\" loading=\"lazy\" \/>        <\/div>\n    <\/a><\/div>\n\n<div class=\"oi-block oi-block-client-block--single-image\" >\n<a href=\"https:\/\/olivierodolciaria.com\/\" class=\"single-image\" title=\"\">\n            <div class=\"image-container\">\n            <img decoding=\"async\" src=\"https:\/\/miaft.com\/wp-content\/uploads\/2025\/05\/gmf-oliviero-logo.svg\" class=\"img-fluid\" alt=\"gmf oliviero logo\" loading=\"lazy\" \/>        <\/div>\n    <\/a><\/div>\n\n<div class=\"oi-block oi-block-client-block--single-image\" >\n<a href=\"https:\/\/www.dolciariamonardo.com\/en\/\" class=\"single-image\" title=\"\">\n            <div class=\"image-container\">\n            <img decoding=\"async\" src=\"https:\/\/miaft.com\/wp-content\/uploads\/2025\/05\/dolciaria-monardo-logo.svg\" class=\"img-fluid\" alt=\"dolciaria monardo logo\" loading=\"lazy\" \/>        <\/div>\n    <\/a><\/div>\n\n<div class=\"oi-block oi-block-client-block--single-image\" >\n<a href=\"https:\/\/www.ghrawi.com\/\" class=\"single-image\" title=\"\">\n            <div class=\"image-container\">\n            <img decoding=\"async\" width=\"500\" height=\"500\" src=\"https:\/\/miaft.com\/wp-content\/uploads\/2025\/05\/ghrawi-group-logo.png\" class=\"img-fluid\" alt=\"ghrawi group logo\" loading=\"lazy\" srcset=\"https:\/\/miaft.com\/wp-content\/uploads\/2025\/05\/ghrawi-group-logo.png 500w, https:\/\/miaft.com\/wp-content\/uploads\/2025\/05\/ghrawi-group-logo-150x150.png 150w\" sizes=\"(max-width: 500px) 100vw, 500px\" \/>        <\/div>\n    <\/a><\/div>\n\n<div class=\"oi-block oi-block-client-block--single-image\" >\n<a href=\"https:\/\/www.tcfsales.com\/\" class=\"single-image\" title=\"\">\n            <div class=\"image-container\">\n            <img decoding=\"async\" width=\"550\" height=\"218\" src=\"https:\/\/miaft.com\/wp-content\/uploads\/2025\/05\/tcf-sales-logo.jpg\" class=\"img-fluid\" alt=\"tcf sales logo\" loading=\"lazy\" srcset=\"https:\/\/miaft.com\/wp-content\/uploads\/2025\/05\/tcf-sales-logo.jpg 550w, https:\/\/miaft.com\/wp-content\/uploads\/2025\/05\/tcf-sales-logo-150x59.jpg 150w\" sizes=\"(max-width: 550px) 100vw, 550px\" \/>        <\/div>\n    <\/a><\/div>\n<\/div><\/div>\n\n    <div class=\"oi-block oi-block-layout-space\" style=\"--oi-block-space-xs:70px; --oi-block-space-sm:80px; --oi-block-space-md:90px; --oi-block-space-lg:100px; --oi-block-space-xl:110px; --oi-block-space-xxl:120px\"><\/div>\n\n<\/div><\/div>\n\n\n<div class=\"oi-block oi-block-layout-container container\" style=\"\"  >\n    <div class=\"oi-block oi-block-layout-space\" style=\"--oi-block-space-xs:70px; --oi-block-space-sm:80px; --oi-block-space-md:90px; --oi-block-space-lg:100px; --oi-block-space-xl:110px; --oi-block-space-xxl:120px\"><\/div>\n\n\n\n<div class=\"wp-block-group has-secondary-color has-primary-background-color has-text-color has-background has-link-color oi-anim has-custom-sizing wp-elements-8817ccb14324946608c8c9bbb8ecc0a2 is-layout-flow wp-block-group-is-layout-flow\" style=\"border-radius:10px;--oi-style-padding-xs:0px 15px 0px 15px;--oi-style-padding-sm:0px 15px 0px 15px;--oi-style-padding-md:0px 30px 0px 30px\" data-oi-anim=\"fade-up\" data-oi-anim-delay=\"0.1\">    <div class=\"oi-block oi-block-layout-row row  justify-content-center\">\n        \n<div class=\"oi-block oi-block-layout-row-column col-12 col-sm-12 col-md-12 col-lg-10 col-xl-9 col-xxl-9\" style=\"\" >\n    <div class=\"oi-block oi-block-layout-space\" style=\"--oi-block-space-xs:30px; --oi-block-space-sm:45px; --oi-block-space-md:75px; --oi-block-space-lg:75px; --oi-block-space-xl:90px; --oi-block-space-xxl:90px\"><\/div>\n\n\n\n<h5 class=\"wp-block-heading\" style=\"text-transform:uppercase\">Demander des informations<\/h5>\n\n\n\n<h3 class=\"wp-block-heading\">Souhaitez-vous obtenir plus d'informations sur nos machines?<\/h3>\n\n\n    <div class=\"oi-block oi-block-layout-space\" style=\"--oi-block-space-xs:30px; --oi-block-space-sm:30px; --oi-block-space-md:30px; --oi-block-space-lg:30px; --oi-block-space-xl:30px; --oi-block-space-xxl:30px\"><\/div>\n\n\n\n<div class=\"wp-block-group is-nowrap is-layout-flex wp-container-core-group-is-layout-2 wp-block-group-is-layout-flex\"><div class=\"oi-block oi-block-layout-button\" ><a href=\"#popup-contatti\" title=\"\" class=\"btn btn-white-fill btn-type-default \" >\n    Demander des informations    <\/a><\/div>\n\n<div class=\"oi-block oi-block-layout-button\" ><a href=\"https:\/\/miaft.com\/fr\/tutti-i-prodotti\/\" title=\"\" class=\"btn btn-white btn-type-shadow \" >\n    Voir le catalogue    <\/a><\/div><\/div>\n\n\n    <div class=\"oi-block oi-block-layout-space\" style=\"--oi-block-space-xs:30px; --oi-block-space-sm:45px; --oi-block-space-md:75px; --oi-block-space-lg:75px; --oi-block-space-xl:90px; --oi-block-space-xxl:90px\"><\/div>\n\n<\/div>\n    <\/div>\n<\/div>\n\n\n    <div class=\"oi-block oi-block-layout-space\" style=\"--oi-block-space-xs:70px; --oi-block-space-sm:80px; --oi-block-space-md:90px; --oi-block-space-lg:100px; --oi-block-space-xl:110px; --oi-block-space-xxl:120px\"><\/div>\n\n<\/div>","protected":false},"excerpt":{"rendered":"","protected":false},"author":1,"featured_media":0,"parent":0,"menu_order":0,"comment_status":"closed","ping_status":"closed","template":"","meta":{"_seopress_robots_primary_cat":"","_seopress_titles_title":"","_seopress_titles_desc":"","_seopress_robots_index":"","fixed_header":false,"header_theme":"dark","reserved_page_description":"","footnotes":""},"class_list":["post-23205","page","type-page","status-publish","hentry"],"_links":{"self":[{"href":"https:\/\/miaft.com\/fr\/wp-json\/wp\/v2\/pages\/23205"}],"collection":[{"href":"https:\/\/miaft.com\/fr\/wp-json\/wp\/v2\/pages"}],"about":[{"href":"https:\/\/miaft.com\/fr\/wp-json\/wp\/v2\/types\/page"}],"author":[{"embeddable":true,"href":"https:\/\/miaft.com\/fr\/wp-json\/wp\/v2\/users\/1"}],"replies":[{"embeddable":true,"href":"https:\/\/miaft.com\/fr\/wp-json\/wp\/v2\/comments?post=23205"}],"version-history":[{"count":4,"href":"https:\/\/miaft.com\/fr\/wp-json\/wp\/v2\/pages\/23205\/revisions"}],"predecessor-version":[{"id":28865,"href":"https:\/\/miaft.com\/fr\/wp-json\/wp\/v2\/pages\/23205\/revisions\/28865"}],"wp:attachment":[{"href":"https:\/\/miaft.com\/fr\/wp-json\/wp\/v2\/media?parent=23205"}],"curies":[{"name":"wp","href":"https:\/\/api.w.org\/{rel}","templated":true}]}}