{"id":3900,"date":"2024-01-06T18:23:07","date_gmt":"2024-01-06T17:23:07","guid":{"rendered":"https:\/\/miaft.com\/product\/vibrovaglio-circolare-granella-serie-pro-600-pro-900-pro-1200-pro\/"},"modified":"2024-04-04T10:30:41","modified_gmt":"2024-04-04T08:30:41","slug":"vibrovaglio-circolare-granella-serie-pro-600-pro-900-pro-1200-pro","status":"publish","type":"product","link":"https:\/\/miaft.com\/en\/product\/vibrovaglio-circolare-granella-serie-pro-600-pro-900-pro-1200-pro\/","title":{"rendered":"PRO series circular screen vibrator\u00a0"},"content":{"rendered":"\n<div class=\"wp-block-group has-light-background-color has-background is-layout-flow wp-block-group-is-layout-flow\">\n<div class=\"wp-block-group has-light-background-color has-background is-layout-flow wp-block-group-is-layout-flow\"><div class=\"oi-block oi-block-layout-container container\" style=\"\"  >\n    <div class=\"oi-block oi-block-layout-space\" style=\"--oi-block-space-xs:75px; --oi-block-space-sm:90px; --oi-block-space-md:90px; --oi-block-space-lg:120px; --oi-block-space-xl:120px; --oi-block-space-xxl:120px\"><\/div>\n\n\n    <div class=\"oi-block oi-block-layout-row row  row-vertical-gap\">\n        \n<div class=\"oi-block oi-block-layout-row-column col-12 col-sm-12 col-md-12 col-lg-6 col-xl-5 col-xxl-5\" style=\"\" >\n\n<h3 class=\"wp-block-heading has-primary-color has-text-color has-link-color wp-elements-1ece6b8131b5441d22e64dbbc67b8ad5\"><strong>Features<\/strong><\/h3>\n\n\n    <div class=\"oi-block oi-block-layout-space\" style=\"--oi-block-space-xs:30px; --oi-block-space-sm:30px; --oi-block-space-md:30px; --oi-block-space-lg:30px; --oi-block-space-xl:30px; --oi-block-space-xxl:30px\"><\/div>\n\n\n\n<ul class=\"wp-block-list\">\n<li>Machine made entirely of <strong>AISI 304 stainless steel<\/strong><\/li>\n\n\n\n<li><strong>Robust construction<\/strong> to increase long-term durability<\/li>\n\n\n\n<li><strong>Production capacity <\/strong>from 50 to 450 kg\/h according to the type of chopped nut<\/li>\n\n\n\n<li><strong>Production<\/strong>: large and\/or small pieces and\/or calibrated nut flour (based on the type of screen installed)<\/li>\n<\/ul>\n\n<\/div>\n\n<div class=\"oi-block oi-block-layout-row-column col-0 col-sm-0 col-md-0 col-lg-0 col-xl-1 col-xxl-1 d-none d-sm-none d-md-none d-lg-none d-xl-block d-xxl-block\" style=\"\" ><\/div>\n\n<div class=\"oi-block oi-block-layout-row-column col-12 col-sm-12 col-md-12 col-lg-6 col-xl-5 col-xxl-5\" style=\"\" >\n\n<h3 class=\"wp-block-heading has-primary-color has-text-color has-link-color wp-elements-96413a204b0a0793182254938ca9000a\"><strong>Technical specifications<\/strong><\/h3>\n\n\n    <div class=\"oi-block oi-block-layout-space\" style=\"--oi-block-space-xs:30px; --oi-block-space-sm:30px; --oi-block-space-md:30px; --oi-block-space-lg:30px; --oi-block-space-xl:30px; --oi-block-space-xxl:30px\"><\/div>\n\n\n\n<ul class=\"wp-block-list\">\n<li><strong>Fixed base <\/strong>made of AISI 304 <strong>stainless steel<\/strong>;<\/li>\n\n\n\n<li><strong>Vibrating section<\/strong> with AISI 304 stainless steel skirt.<\/li>\n\n\n\n<li>Three-phase<strong> electric motor<\/strong>.<\/li>\n\n\n\n<li><strong>Bottom band and top bands <\/strong>made of AISI 304 stainless steel with side unloading nozzle fitted with plastic extensions<\/li>\n\n\n\n<li><strong>2 screen holder rings <\/strong>including AISI 304 stainless steel mesh screens (with variable hole size as per specifications) and relevant rubber gaskets.<\/li>\n<\/ul>\n\n<\/div>\n    <\/div>\n\n\n    <div class=\"oi-block oi-block-layout-space\" style=\"--oi-block-space-xs:75px; --oi-block-space-sm:90px; --oi-block-space-md:90px; --oi-block-space-lg:120px; --oi-block-space-xl:120px; --oi-block-space-xxl:120px\"><\/div>\n\n<\/div><\/div>\n<\/div>\n\n\n<div class=\"oi-block oi-block-layout-container container\" style=\"\"  >\n    <div class=\"oi-block oi-block-layout-space\" style=\"--oi-block-space-xs:75px; --oi-block-space-sm:90px; --oi-block-space-md:90px; --oi-block-space-lg:120px; --oi-block-space-xl:120px; --oi-block-space-xxl:120px\"><\/div>\n\n\n<div class=\"oi-block oi-block-product-content\" >\n<div class=\"row justify-content-between\">\n    <div class=\"col-12 col-md-6 col-lg-5\">\n        \n\n<h3 class=\"wp-block-heading has-primary-color has-text-color has-link-color wp-elements-10e80954685c64b37b91d0759b9e57dc\"><strong>PRO series circular screen vibrator<\/strong><\/h3>\n\n\n    <div class=\"oi-block oi-block-layout-space\" style=\"--oi-block-space-xs:30px; --oi-block-space-sm:30px; --oi-block-space-md:30px; --oi-block-space-lg:30px; --oi-block-space-xl:30px; --oi-block-space-xxl:30px\"><\/div>\n\n\n\n<p><strong>Circular screen vibrator<\/strong> with two mesh screens (3 separation stages), ideal for <strong>separating different size pieces of chopped hazelnuts, almonds<\/strong> and roasted or fresh nuts based on the size of the screens installed.<\/p>\n\n\n    <div class=\"oi-block oi-block-layout-space\" style=\"--oi-block-space-xs:30px; --oi-block-space-sm:30px; --oi-block-space-md:30px; --oi-block-space-lg:30px; --oi-block-space-xl:30px; --oi-block-space-xxl:30px\"><\/div>\n\n\n\n<h3 class=\"wp-block-heading has-primary-color has-text-color has-link-color wp-elements-d96f3b735106ffea96ec07ed787d632f\"><strong>Production capacity<\/strong><\/h3>\n\n\n    <div class=\"oi-block oi-block-layout-space\" style=\"--oi-block-space-xs:30px; --oi-block-space-sm:30px; --oi-block-space-md:30px; --oi-block-space-lg:30px; --oi-block-space-xl:30px; --oi-block-space-xxl:30px\"><\/div>\n\n\n\n<p>Production capacity of about 50-450 kg\/h (based on the cut and size of the chopped nuts) to be combined with our CRICK-CROCK chopping machines<\/p>\n\n\n\n<ul class=\"wp-block-list\">\n<li>Circular screen vibrator<strong>\u00a0\u00d8600\u00a0<\/strong>\u00bb production capacity 50-150 kg\/h<\/li>\n\n\n\n<li>Circular screen vibrator<strong>\u00a0\u00d8900\u00a0<\/strong>\u00bb production capacity 150-250 kg\/h<\/li>\n\n\n\n<li>Circular screen vibrator<strong>\u00a0\u00d81200\u00a0<\/strong>\u00bb production capacity 250-450 kg\/h<\/li>\n<\/ul>\n\n\n    <div class=\"oi-block oi-block-layout-space\" style=\"--oi-block-space-xs:30px; --oi-block-space-sm:30px; --oi-block-space-md:30px; --oi-block-space-lg:30px; --oi-block-space-xl:30px; --oi-block-space-xxl:30px\"><\/div>\n\n\n\n<h3 class=\"wp-block-heading has-primary-color has-text-color has-link-color wp-elements-5b83aceae6948d74fb1d41eaa85df362\"><strong>Cleaning the screen vibrator<\/strong><\/h3>\n\n\n    <div class=\"oi-block oi-block-layout-space\" style=\"--oi-block-space-xs:30px; --oi-block-space-sm:30px; --oi-block-space-md:30px; --oi-block-space-lg:30px; --oi-block-space-xl:30px; --oi-block-space-xxl:30px\"><\/div>\n\n\n\n<p>Clean the screens with compressed air as needed, and with hot water and a sponge\/steam\/compressed air at the end of the work shift.<\/p>\n\n    <\/div>\n    <div class=\"col-5 col-lg-4 d-none d-md-block\">\n        <div class=\"featured-product\">\n                                                                    <div class=\"bg-dark color-white featured-product-inner\">\n                        <div class=\"image-container\">\n                            <img decoding=\"async\" width=\"1024\" height=\"1024\" src=\"https:\/\/miaft.com\/wp-content\/uploads\/2024\/01\/vibrovaglio-circolare-granella-serie-pro-600-pro-900-pro-1200-pro.jpg\" class=\"img-fluid\" alt=\"\" loading=\"lazy\" srcset=\"https:\/\/miaft.com\/wp-content\/uploads\/2024\/01\/vibrovaglio-circolare-granella-serie-pro-600-pro-900-pro-1200-pro.jpg 1024w, https:\/\/miaft.com\/wp-content\/uploads\/2024\/01\/vibrovaglio-circolare-granella-serie-pro-600-pro-900-pro-1200-pro-150x150.jpg 150w, https:\/\/miaft.com\/wp-content\/uploads\/2024\/01\/vibrovaglio-circolare-granella-serie-pro-600-pro-900-pro-1200-pro-575x575.jpg 575w, https:\/\/miaft.com\/wp-content\/uploads\/2024\/01\/vibrovaglio-circolare-granella-serie-pro-600-pro-900-pro-1200-pro-767x767.jpg 767w, https:\/\/miaft.com\/wp-content\/uploads\/2024\/01\/vibrovaglio-circolare-granella-serie-pro-600-pro-900-pro-1200-pro-991x991.jpg 991w\" sizes=\"(max-width: 1024px) 100vw, 1024px\" \/>                        <\/div>\n                                                    <h6 class=\"mb-2 text-uppercase color-secondary\">\n                                Nuts                            <\/h6>\n                                                <h4 class=\"mb-0 color-white product-title\">\n                            PRO series circular screen vibrator\u00a0                        <\/h4>\n                                                    <p class=\"mt-3 mb-0\">for chopped nuts, oilseeds and cookies <\/p>\n                                                <div class=\"mt-4\">\n                            <div class=\"oi-block oi-block-layout-button\" ><a href=\"#contact-us\" title=\"\" class=\"btn btn-secondary-fill btn-type-default btn-medium\" >\n    Request information    <\/a><\/div>                        <\/div>\n                    <\/div>\n                                                    <\/div>\n    <\/div>\n<\/div><\/div>\n\n    <div class=\"oi-block oi-block-layout-space\" style=\"--oi-block-space-xs:75px; --oi-block-space-sm:90px; --oi-block-space-md:90px; --oi-block-space-lg:120px; --oi-block-space-xl:120px; --oi-block-space-xxl:120px\"><\/div>\n\n<\/div>","protected":false},"excerpt":{"rendered":"<p>Circular screen vibrator with two mesh screens (3 separation stages), ideal for separating different size pieces of chopped hazelnuts, almonds, and roasted or fresh nuts based on the size of the screens installed. <\/p>\n","protected":false},"featured_media":28005,"parent":0,"menu_order":187,"template":"","meta":{"_seopress_robots_primary_cat":"","_seopress_titles_title":"","_seopress_titles_desc":"","_seopress_robots_index":"","is_energy_saving":false,"is_for_sale":false,"show_footer_widget":true,"show_related_products":true,"product_subtitle":"for chopped nuts, oilseeds and cookies ","product_code":"\u00d8600 PRO - \u00d8900 PRO - \u00d81200 PRO","related_products_source":"custom","related_products_list":"[1090]","product_powered_by_title":"","product_powered_by_image":"{}","product_on_sale_label":"","product_on_sale_label_1":"","product_on_sale_label_2":"","product_on_sale_label_3":"","product_on_sale_label_4":"","product_on_sale_label_5":"","footnotes":""},"finished_product":[98],"machine":[94],"processing":[76],"class_list":["post-3900","product","type-product","status-publish","has-post-thumbnail","hentry","finished_product-nuts","machine-stand-alone-en","processing-chopping"],"_links":{"self":[{"href":"https:\/\/miaft.com\/en\/wp-json\/wp\/v2\/product\/3900"}],"collection":[{"href":"https:\/\/miaft.com\/en\/wp-json\/wp\/v2\/product"}],"about":[{"href":"https:\/\/miaft.com\/en\/wp-json\/wp\/v2\/types\/product"}],"version-history":[{"count":1,"href":"https:\/\/miaft.com\/en\/wp-json\/wp\/v2\/product\/3900\/revisions"}],"predecessor-version":[{"id":9261,"href":"https:\/\/miaft.com\/en\/wp-json\/wp\/v2\/product\/3900\/revisions\/9261"}],"wp:featuredmedia":[{"embeddable":true,"href":"https:\/\/miaft.com\/en\/wp-json\/wp\/v2\/media\/28005"}],"wp:attachment":[{"href":"https:\/\/miaft.com\/en\/wp-json\/wp\/v2\/media?parent=3900"}],"wp:term":[{"taxonomy":"finished_product","embeddable":true,"href":"https:\/\/miaft.com\/en\/wp-json\/wp\/v2\/finished_product?post=3900"},{"taxonomy":"machine","embeddable":true,"href":"https:\/\/miaft.com\/en\/wp-json\/wp\/v2\/machine?post=3900"},{"taxonomy":"processing","embeddable":true,"href":"https:\/\/miaft.com\/en\/wp-json\/wp\/v2\/processing?post=3900"}],"curies":[{"name":"wp","href":"https:\/\/api.w.org\/{rel}","templated":true}]}}