{"id":1863,"date":"2024-01-06T18:19:19","date_gmt":"2024-01-06T17:19:19","guid":{"rendered":"https:\/\/miaft.com\/product\/vibrovaglio-circolare-granella-serie-eco-o500-eco-o800-eco\/"},"modified":"2024-04-04T10:26:26","modified_gmt":"2024-04-04T08:26:26","slug":"vibrovaglio-circolare-granella-serie-eco-o500-eco-o800-eco","status":"publish","type":"product","link":"https:\/\/miaft.com\/en\/product\/vibrovaglio-circolare-granella-serie-eco-o500-eco-o800-eco\/","title":{"rendered":"ECO series circular screen vibrator\u00a0"},"content":{"rendered":"\n<div class=\"wp-block-group has-light-background-color has-background is-layout-flow wp-block-group-is-layout-flow\"><div class=\"oi-block oi-block-layout-container container\" style=\"\"  >\n    <div class=\"oi-block oi-block-layout-space\" style=\"--oi-block-space-xs:75px; --oi-block-space-sm:90px; --oi-block-space-md:90px; --oi-block-space-lg:120px; --oi-block-space-xl:120px; --oi-block-space-xxl:120px\"><\/div>\n\n\n\n<h3 class=\"wp-block-heading has-primary-color has-text-color has-link-color wp-elements-82ebbb3e42b66a5873bbe01d33a5b566\">Technical specifications<\/h3>\n\n\n    <div class=\"oi-block oi-block-layout-space\" style=\"--oi-block-space-xs:30px; --oi-block-space-sm:30px; --oi-block-space-md:30px; --oi-block-space-lg:30px; --oi-block-space-xl:30px; --oi-block-space-xxl:30px\"><\/div>\n\n\n    <div class=\"oi-block oi-block-layout-row row  row-vertical-gap\">\n        \n<div class=\"oi-block oi-block-layout-row-column col-12 col-sm-12 col-md-12 col-lg-6 col-xl-4 col-xxl-4\" style=\"\" >\n\n<h5 class=\"wp-block-heading has-primary-color has-text-color has-link-color wp-elements-6afbcd8f85ba14c0a1b199ea763f22a5\" style=\"text-transform:uppercase\"><strong><strong>500 ECO SCREEN VIBRATOR<\/strong><\/strong><\/h5>\n\n\n    <div class=\"oi-block oi-block-layout-space\" style=\"--oi-block-space-xs:20px; --oi-block-space-sm:20px; --oi-block-space-md:20px; --oi-block-space-lg:20px; --oi-block-space-xl:20px; --oi-block-space-xxl:20px\"><\/div>\n\n\n\n<ul class=\"wp-block-list\">\n<li>Electrical power supply: 0.55 Kw three-phase 400V 50 Hz (machine available with different voltage)<\/li>\n\n\n\n<li>Overall dimensions: Width 600 mm, Length 550 mm, Height 900 mm\u00a0<\/li>\n\n\n\n<li>Weight: 80 Kg<\/li>\n<\/ul>\n\n<\/div>\n\n<div class=\"oi-block oi-block-layout-row-column col-12 col-sm-12 col-md-12 col-lg-6 col-xl-4 col-xxl-4\" style=\"\" >\n\n<h5 class=\"wp-block-heading has-primary-color has-text-color has-link-color wp-elements-1266e2a53f8867b7d9819e42955e92a0\" style=\"text-transform:uppercase\"><strong><strong>800 ECO SCREEN VIBRATOR<\/strong><\/strong><\/h5>\n\n\n    <div class=\"oi-block oi-block-layout-space\" style=\"--oi-block-space-xs:20px; --oi-block-space-sm:20px; --oi-block-space-md:20px; --oi-block-space-lg:20px; --oi-block-space-xl:20px; --oi-block-space-xxl:20px\"><\/div>\n\n\n\n<ul class=\"wp-block-list\">\n<li>Electrical power supply: 0.75 Kw three-phase 400V 50 Hz (machine available with different voltage)<\/li>\n\n\n\n<li>Overall dimensions: Width 850 mm, Length 900 mm, Height 1000 mm\u00a0<\/li>\n\n\n\n<li>Weight: 150 Kg<\/li>\n<\/ul>\n\n<\/div>\n\n<div class=\"oi-block oi-block-layout-row-column col-12 col-sm-12 col-md-12 col-lg-6 col-xl-4 col-xxl-4\" style=\"\" >\n\n<h5 class=\"wp-block-heading has-primary-color has-text-color has-link-color wp-elements-28f0d168a454289ac1ec30045eaa7beb\" style=\"text-transform:uppercase\"><strong><strong>900 ECO SCREEN VIBRATOR<\/strong><\/strong><\/h5>\n\n\n    <div class=\"oi-block oi-block-layout-space\" style=\"--oi-block-space-xs:20px; --oi-block-space-sm:20px; --oi-block-space-md:20px; --oi-block-space-lg:20px; --oi-block-space-xl:20px; --oi-block-space-xxl:20px\"><\/div>\n\n\n\n<ul class=\"wp-block-list\">\n<li>Electrical power supply: 1.1 Kw three-phase 400V 50 Hz (machine available with different voltage)<\/li>\n\n\n\n<li>Overall dimensions: Width 1000 mm, Length 1050 mm, Height 1100 mm\u00a0<\/li>\n\n\n\n<li>Weight: 190 Kg<\/li>\n<\/ul>\n\n<\/div>\n    <\/div>\n\n\n    <div class=\"oi-block oi-block-layout-space\" style=\"--oi-block-space-xs:75px; --oi-block-space-sm:90px; --oi-block-space-md:90px; --oi-block-space-lg:120px; --oi-block-space-xl:120px; --oi-block-space-xxl:120px\"><\/div>\n\n<\/div><\/div>\n\n\n<div class=\"oi-block oi-block-layout-container container\" style=\"\"  >\n    <div class=\"oi-block oi-block-layout-space\" style=\"--oi-block-space-xs:75px; --oi-block-space-sm:90px; --oi-block-space-md:90px; --oi-block-space-lg:120px; --oi-block-space-xl:120px; --oi-block-space-xxl:120px\"><\/div>\n\n\n<div class=\"oi-block oi-block-product-content\" >\n<div class=\"row justify-content-between\">\n    <div class=\"col-12 col-md-6 col-lg-5\">\n        \n\n<h3 class=\"wp-block-heading has-primary-color has-text-color has-link-color wp-elements-e9ec916a0b2608f375045452cc08878c\"><strong>ECO series circular screen vibrator<\/strong><\/h3>\n\n\n    <div class=\"oi-block oi-block-layout-space\" style=\"--oi-block-space-xs:30px; --oi-block-space-sm:30px; --oi-block-space-md:30px; --oi-block-space-lg:30px; --oi-block-space-xl:30px; --oi-block-space-xxl:30px\"><\/div>\n\n\n\n<p><strong>The ECO series vibrator screens<\/strong> are a simple and cost-efficient solution to the need to sieve and separate different size products, such as chopped cookies, nuts, nougat, brittle, etc.<\/p>\n\n\n\n<p>Mia Food Tech offers this range of machines for use in combination with its renowned Crick Crock series of chopping machines.<\/p>\n\n\n\n<p>The machine is made entirely of AISI 304 stainless steel and can be fitted with one, two or three sieving screens for up to 4 final product separation stages.<\/p>\n\n\n\n<p>All the vibrator screens are fitted with wheels for movement and an on-board operator panel with the main controls for using the machine.<\/p>\n\n    <\/div>\n    <div class=\"col-5 col-lg-4 d-none d-md-block\">\n        <div class=\"featured-product\">\n                                                                    <div class=\"bg-dark color-white featured-product-inner\">\n                        <div class=\"image-container\">\n                            <img decoding=\"async\" width=\"2560\" height=\"1920\" src=\"https:\/\/miaft.com\/wp-content\/uploads\/2024\/01\/vibrovaglio-circolare-granelle-serie-eco-500-eco-800-eco-900-eco.jpg\" class=\"img-fluid\" alt=\"\" loading=\"lazy\" srcset=\"https:\/\/miaft.com\/wp-content\/uploads\/2024\/01\/vibrovaglio-circolare-granelle-serie-eco-500-eco-800-eco-900-eco.jpg 2560w, https:\/\/miaft.com\/wp-content\/uploads\/2024\/01\/vibrovaglio-circolare-granelle-serie-eco-500-eco-800-eco-900-eco-1536x1152.jpg 1536w, https:\/\/miaft.com\/wp-content\/uploads\/2024\/01\/vibrovaglio-circolare-granelle-serie-eco-500-eco-800-eco-900-eco-2048x1536.jpg 2048w, https:\/\/miaft.com\/wp-content\/uploads\/2024\/01\/vibrovaglio-circolare-granelle-serie-eco-500-eco-800-eco-900-eco-150x113.jpg 150w, https:\/\/miaft.com\/wp-content\/uploads\/2024\/01\/vibrovaglio-circolare-granelle-serie-eco-500-eco-800-eco-900-eco-575x431.jpg 575w, https:\/\/miaft.com\/wp-content\/uploads\/2024\/01\/vibrovaglio-circolare-granelle-serie-eco-500-eco-800-eco-900-eco-767x575.jpg 767w, https:\/\/miaft.com\/wp-content\/uploads\/2024\/01\/vibrovaglio-circolare-granelle-serie-eco-500-eco-800-eco-900-eco-991x743.jpg 991w, https:\/\/miaft.com\/wp-content\/uploads\/2024\/01\/vibrovaglio-circolare-granelle-serie-eco-500-eco-800-eco-900-eco-1199x899.jpg 1199w\" sizes=\"(max-width: 2560px) 100vw, 2560px\" \/>                        <\/div>\n                                                    <h6 class=\"mb-2 text-uppercase color-secondary\">\n                                Nuts                            <\/h6>\n                                                <h4 class=\"mb-0 color-white product-title\">\n                            ECO series circular screen vibrator\u00a0                        <\/h4>\n                                                    <p class=\"mt-3 mb-0\">for chopped nuts, oilseeds and cookies <\/p>\n                                                <div class=\"mt-4\">\n                            <div class=\"oi-block oi-block-layout-button\" ><a href=\"#contact-us\" title=\"\" class=\"btn btn-secondary-fill btn-type-default btn-medium\" >\n    Request information    <\/a><\/div>                        <\/div>\n                    <\/div>\n                                                    <\/div>\n    <\/div>\n<\/div><\/div>\n\n    <div class=\"oi-block oi-block-layout-space\" style=\"--oi-block-space-xs:75px; --oi-block-space-sm:90px; --oi-block-space-md:90px; --oi-block-space-lg:120px; --oi-block-space-xl:120px; --oi-block-space-xxl:120px\"><\/div>\n\n<\/div>","protected":false},"excerpt":{"rendered":"<p>The ECO series vibrator screens are a simple and cost-efficient solution to the need to sieve and separate different size products, such as chopped cookies, nuts, nougat, brittle, etc. <\/p>\n","protected":false},"featured_media":28000,"parent":0,"menu_order":182,"template":"","meta":{"_seopress_robots_primary_cat":"","_seopress_titles_title":"","_seopress_titles_desc":"","_seopress_robots_index":"","is_energy_saving":false,"is_for_sale":false,"show_footer_widget":true,"show_related_products":true,"product_subtitle":"for chopped nuts, oilseeds and cookies ","product_code":"\u00d8500 ECO - \u00d8800 ECO - \u00d8900 ECO","related_products_source":"related","related_products_list":"[]","product_powered_by_title":"","product_powered_by_image":"{}","product_on_sale_label":"","product_on_sale_label_1":"","product_on_sale_label_2":"","product_on_sale_label_3":"","product_on_sale_label_4":"","product_on_sale_label_5":"","footnotes":""},"finished_product":[98],"machine":[94],"processing":[76],"class_list":["post-1863","product","type-product","status-publish","has-post-thumbnail","hentry","finished_product-nuts","machine-stand-alone-en","processing-chopping"],"_links":{"self":[{"href":"https:\/\/miaft.com\/en\/wp-json\/wp\/v2\/product\/1863"}],"collection":[{"href":"https:\/\/miaft.com\/en\/wp-json\/wp\/v2\/product"}],"about":[{"href":"https:\/\/miaft.com\/en\/wp-json\/wp\/v2\/types\/product"}],"version-history":[{"count":2,"href":"https:\/\/miaft.com\/en\/wp-json\/wp\/v2\/product\/1863\/revisions"}],"predecessor-version":[{"id":9259,"href":"https:\/\/miaft.com\/en\/wp-json\/wp\/v2\/product\/1863\/revisions\/9259"}],"wp:featuredmedia":[{"embeddable":true,"href":"https:\/\/miaft.com\/en\/wp-json\/wp\/v2\/media\/28000"}],"wp:attachment":[{"href":"https:\/\/miaft.com\/en\/wp-json\/wp\/v2\/media?parent=1863"}],"wp:term":[{"taxonomy":"finished_product","embeddable":true,"href":"https:\/\/miaft.com\/en\/wp-json\/wp\/v2\/finished_product?post=1863"},{"taxonomy":"machine","embeddable":true,"href":"https:\/\/miaft.com\/en\/wp-json\/wp\/v2\/machine?post=1863"},{"taxonomy":"processing","embeddable":true,"href":"https:\/\/miaft.com\/en\/wp-json\/wp\/v2\/processing?post=1863"}],"curies":[{"name":"wp","href":"https:\/\/api.w.org\/{rel}","templated":true}]}}